{"id":17107,"date":"2020-04-26T15:12:46","date_gmt":"2020-04-26T15:12:46","guid":{"rendered":"https:\/\/vilaplana.reyesit365.com\/socios\/?lang=it"},"modified":"2020-06-02T09:40:25","modified_gmt":"2020-06-02T09:40:25","slug":"socios","status":"publish","type":"page","link":"https:\/\/mendez-vilaplana.com\/it\/socios\/","title":{"rendered":"SOCI"},"content":{"rendered":"<div class=\"wpb-content-wrapper\"><p>[vc_row css_animation=&#8221;&#8221; row_type=&#8221;row&#8221; use_row_as_full_screen_section=&#8221;no&#8221; type=&#8221;full_width&#8221; angled_section=&#8221;no&#8221; text_align=&#8221;left&#8221; background_image_as_pattern=&#8221;without_pattern&#8221; z_index=&#8221;&#8221;][vc_column]\n\t\t\t<!-- START SOCI IT REVOLUTION SLIDER 6.7.38 --><p class=\"rs-p-wp-fix\"><\/p>\n\t\t\t<rs-module-wrap id=\"rev_slider_18_1_wrapper\" data-source=\"gallery\" style=\"visibility:hidden;background:transparent;padding:0;margin:0px auto;margin-top:0;margin-bottom:0;\">\n\t\t\t\t<rs-module id=\"rev_slider_18_1\" style=\"\" data-version=\"6.7.38\">\n\t\t\t\t\t<rs-slides style=\"overflow: hidden; position: absolute;\">\n\t\t\t\t\t\t<rs-slide style=\"position: absolute;\" data-key=\"rs-70\" data-title=\"Slide\" data-anim=\"ms:1000;r:0;\" data-in=\"o:0;\" data-out=\"a:false;\">\n\t\t\t\t\t\t\t<img fetchpriority=\"high\" decoding=\"async\" src=\"\/\/mendez-vilaplana.com\/wp-content\/plugins\/revslider\/sr6\/assets\/assets\/dummy.png\" alt=\"socios mendez vilaplana\" title=\"socios-foto\" width=\"1920\" height=\"800\" class=\"rev-slidebg tp-rs-img rs-lazyload\" data-lazyload=\"\/\/mendez-vilaplana.com\/wp-content\/uploads\/2020\/05\/socios-foto.jpg\" data-no-retina>\n<!--\n\t\t\t\t\t\t\t--><rs-layer\n\t\t\t\t\t\t\t\tid=\"slider-18-slide-70-layer-0\" \n\t\t\t\t\t\t\t\tdata-type=\"text\"\n\t\t\t\t\t\t\t\tdata-color=\"#773d0d\"\n\t\t\t\t\t\t\t\tdata-rsp_ch=\"on\"\n\t\t\t\t\t\t\t\tdata-xy=\"x:c;y:m;\"\n\t\t\t\t\t\t\t\tdata-text=\"w:normal;s:40,40,50,70;l:25,20,15,16;fw:700;a:center;\"\n\t\t\t\t\t\t\t\tdata-padding=\"t:20,17,20,23;r:20,17,20,23;b:20,17,20,23;l:20,17,20,23;\"\n\t\t\t\t\t\t\t\tdata-border=\"bos:none,none,none,solid;boc:#000000;bow:3px,3px,3px,3px;\"\n\t\t\t\t\t\t\t\tdata-frame_0=\"x:left;\"\n\t\t\t\t\t\t\t\tdata-frame_1=\"sp:3000;\"\n\t\t\t\t\t\t\t\tdata-frame_999=\"o:0;st:w;\"\n\t\t\t\t\t\t\t\tstyle=\"z-index:5;background-color:rgba(255,255,255,0.5);font-family:'Quattrocento';\"\n\t\t\t\t\t\t\t>SOCI \n\t\t\t\t\t\t\t<\/rs-layer><!--\n-->\t\t\t\t\t<\/rs-slide>\n\t\t\t\t\t<\/rs-slides>\n\t\t\t\t<\/rs-module>\n\t\t\t\t<script>\n\t\t\t\t\tsetREVStartSize({c: 'rev_slider_18_1',rl:[1240,1024,778,480],el:[600,500,460,420],gw:[1240,1024,778,880],gh:[600,500,460,420],type:'hero',justify:'',layout:'fullwidth',mh:\"0\"});if (window.RS_MODULES!==undefined && window.RS_MODULES.modules!==undefined && window.RS_MODULES.modules[\"revslider181\"]!==undefined) {window.RS_MODULES.modules[\"revslider181\"].once = false;window.revapi18 = undefined;if (window.RS_MODULES.checkMinimal!==undefined) window.RS_MODULES.checkMinimal()}\n\t\t\t\t<\/script>\n\t\t\t<\/rs-module-wrap>\n\t\t\t<!-- END REVOLUTION SLIDER -->\n[\/vc_column][\/vc_row][vc_row css_animation=&#8221;&#8221; row_type=&#8221;row&#8221; use_row_as_full_screen_section=&#8221;no&#8221; type=&#8221;grid&#8221; angled_section=&#8221;no&#8221; text_align=&#8221;center&#8221; background_image_as_pattern=&#8221;without_pattern&#8221; padding_top=&#8221;87&#8243; padding_bottom=&#8221;0&#8243; z_index=&#8221;&#8221; css=&#8221;.vc_custom_1589021385229{margin-right: 40px !important;margin-left: 40px !important;}&#8221;][vc_column][vc_row_inner row_type=&#8221;row&#8221; use_as_box=&#8221;use_row_as_box&#8221; type=&#8221;grid&#8221; text_align=&#8221;center&#8221; css_animation=&#8221;&#8221;][vc_column_inner width=&#8221;1\/2&#8243;][vc_single_image image=&#8221;16280&#8243; img_size=&#8221;full&#8221; alignment=&#8221;center&#8221; qode_css_animation=&#8221;&#8221;][vc_separator type=&#8221;transparent&#8221; up=&#8221;48&#8243; down=&#8221;0&#8243;][vc_column_text]<\/p>\n<h5 style=\"text-align: center;\"><strong>AITANA M\u00c9NDEZ VILAPLANA<\/strong><\/h5>\n<p>[\/vc_column_text][vc_separator type=&#8221;transparent&#8221; up=&#8221;11&#8243; down=&#8221;0&#8243;][vc_empty_space][vc_column_text css=&#8221;.vc_custom_1589463340154{margin-right: 12px !important;}&#8221;]<\/p>\n<p style=\"text-align: justify;\">Laureata in Giurisprudenza nell\u2019anno 1989 presso <em>l\u2019Universidad Central di Barcellona\/CEU Fundaci\u00f3n San Pablo<\/em>. Master in \u201cPratica Giuridica\u201d presso l\u2019Ordine degli Avvocati di Barcellona 1991; <strong>Diploma di Lingua Italiana Istituto Italiano di Cultura de Barcelona 1990. Universit\u00e0 Italiana per Stranieri Perugia 1991. Credito Italiano, Succursale di Barcellona<\/strong> 1991-1993;<\/p>\n<p>&nbsp;<\/p>\n<p style=\"text-align: justify;\">Avvocato Associato Senior dello <strong>Studio Legale G\u00f3mez-Acebo &amp; Pombo, Abogados<\/strong> 1994-2003, Dipartimento di Contenzioso e Diritto Diritto Industriale; Responsabile della divisione <em>&#8220;Italian Desk&#8221;<\/em> dello Studio specializzata nella consulenza, costituzione e consolidamento di societ\u00e0 italiane in Spagna.<\/p>\n<p>&nbsp;<\/p>\n<p style=\"text-align: justify;\">Consulente Esterna dell\u2019Istituto Italiano per il Commercio Estero (ICE). E stata membro della Camera di Commercio Italiana in Spagna e Segretaria della Commissione Soci della Camera di Commercio Italiana di Barcellona. Ha fatto parte di riconosciute Associazioni giuridiche internazionali tra le quali spiccano: l\u2019Associazione Internazionale di Giuristi di Lingua Italiana (AIGLI), l\u2019European Lawyers Association (ELA), l\u2019Associazione Legali Europei (ALE), l\u2019Unione degli Avvocati Europei (UAE);<\/p>\n<p>&nbsp;<\/p>\n<p style=\"text-align: justify;\"><strong>Direttrice di Master e Studi Post-Lauream della Facolt\u00e0 di Diritto dell\u2019Universit\u00e0 Internazionale della Catalogna (UIC) <\/strong>2006-2009.<\/p>\n<p>&nbsp;<\/p>\n<p style=\"text-align: justify;\">Avvocato Consulente Esterno di societ\u00e0 di Relocation in Spagna. <strong>Direttrice del Dipartimento di Sviluppo della societ\u00e0 Barcelona Properties &amp; Real Estate Services <\/strong>2015-2017.<\/p>\n<p>&nbsp;<\/p>\n<p style=\"text-align: justify;\">Nel 2005 decide di fondare <strong>Estudio Jur\u00eddico MENDEZ-VILAPLANA,<\/strong> da allora diretto da lei in concomitanza con la sua attivit\u00e0 universitaria e la consulenza aziendale.<\/p>\n<p>&nbsp;<\/p>\n<p style=\"text-align: justify;\">Parallelamente nel 2016 fonda <strong>ARCH &amp; LAW, Property Advisors<\/strong>, Studio Legale e di Architettura specializzato in Property Finding; consulenza legale immobiliare; consulenza legale in International Relocation; Architettura d\u00b4Interni e Property Management.<\/p>\n<p>&nbsp;<\/p>\n<p style=\"text-align: justify;\"><strong>Con un background processualista<\/strong> ha una comprovata <strong>esperienza soprattutto nell&#8217;area Contenzioso e Litigation<\/strong>, evidenziando anche la sua dedizione al Diritto Civile; <strong>contrattualistica di Agenzia e Distribuzione;<\/strong> direzione di procedure civili in materia di <strong>Diritto Industriale e Diritto Immobiliare.<\/strong><\/p>\n<p>&nbsp;<\/p>\n<p style=\"text-align: justify;\">Dopo pi\u00f9 di venticinque anni di esercizio professionale, sei dei quali vivendo fra Spagna e Italia, gode di solido <strong>riconoscimento professionale tra i principali Studi Legali e Associazioni Industriali italiani<\/strong>, avendo consolidato oggi una vasta rete di networking professionale e offrendo ai suoi clienti internazionali soluzioni per garantire la migliore difesa dei loro interessi in Spagna.<\/p>\n<p>&nbsp;<\/p>\n<p style=\"text-align: justify;\">Lingue: inglese, italiano, spagnolo, catalano.<\/p>\n<p>[\/vc_column_text][vc_separator type=&#8221;transparent&#8221; up=&#8221;93&#8243; down=&#8221;0&#8243;][\/vc_column_inner][vc_column_inner width=&#8221;1\/2&#8243;][vc_single_image image=&#8221;16211&#8243; img_size=&#8221;full&#8221; alignment=&#8221;center&#8221; qode_css_animation=&#8221;&#8221;][vc_separator type=&#8221;transparent&#8221; up=&#8221;48&#8243; down=&#8221;0&#8243;][vc_column_text]<\/p>\n<h5 style=\"text-align: center;\"><strong>MIREN BEGO\u00d1A ARBULU GOIRI<\/strong><\/h5>\n<p>[\/vc_column_text][vc_separator type=&#8221;transparent&#8221; up=&#8221;11&#8243; down=&#8221;0&#8243;][vc_empty_space][vc_column_text css=&#8221;.vc_custom_1589463352213{margin-left: 12px !important;}&#8221;]<\/p>\n<p style=\"text-align: justify;\">Laureata in Giurisprudenza presso <em>l\u2019Universit\u00e0 di Deusto<\/em> nel 1986. Ha partecipato a corsi di dottorato presso la Facolt\u00e0 di Giurisprudenza dell\u2019Universit\u00e0 di Deusto nel 1988. Diplomata presso la Escuela de Pr\u00e1ctica Jur\u00eddica dell\u2019Universit\u00e0 di Deusto nel 1990. <strong>M\u00e1ster in Consulenza legale per imprese, Facolt\u00e0 di Giurisprudenza, Universit\u00e0 di Deusto 1990<\/strong>.<\/p>\n<p>&nbsp;<\/p>\n<p style=\"text-align: justify;\"><strong>Vice-Direttrice dell\u2019Escuela Universitaria de Estudios Empresariales de Bilbao tra il 1989 e il 1992 y il 1998 e il 1999<\/strong>. Segretaria del Dipartamento di Valutazione, Gestione e Innovazione Imprenditoriale dell\u2019Universidad del Pa\u00eds Vasco negli anni 1993 e 1994.<\/p>\n<p>&nbsp;<\/p>\n<p style=\"text-align: justify;\">Avv.ssa Associata Senior dello Studio G\u00f3mez-Acebo &amp; Pombo a Bilbao tra gli anni 1991 e 1995, <strong>Dipartimento di Diritto del Lavoro e Sicurezza Sociale e Dipartimento di Diritto di Famiglia.<\/strong><\/p>\n<p>&nbsp;<\/p>\n<p style=\"text-align: justify;\">Membro dello Studio Legale Batalla, Larrauri e L\u00f3pez Ante 1996-2000 e successivamente \u00e8 diventata socia dello Studio Legale Larrauri Mart\u00ed dal 2007 al 2015<strong>.<\/strong><\/p>\n<p>&nbsp;<\/p>\n<p style=\"text-align: justify;\">Nel gennaio 2016, ha fondato lo Studio Legale LEX LAN ABOGADOS, incorporandosi parallelamente nello <strong>Estudio Jur\u00eddico MENDEZ-VILAPLANA.<\/strong><\/p>\n<p>&nbsp;<\/p>\n<p style=\"text-align: justify;\"><strong>Con un background giuslavoristico<\/strong>, ha un\u2019ampia esperienza in risoluzione di contratti di lavoro di ogni tipo, mobilit\u00e0 geografica e funzionale, licenziamenti collettivi, trattative con sindacati, contratti con Dirigenti, salari, giornate, buste paga, ecc. e in materia di Previdenza Sociale (gestione e assistenza in procedimenti di invalit\u00e0, pensione, disoccupazione, ecc.). <strong><em>Administrador Concursal<\/em> iscritto all\u2019Albo di Administradores Concursales.<\/strong> Ha svolto funzioni di Segretario in vari Consigli di Amministrazione, rivestendo ad oggi varie cariche di Segretaria, intervenendo inoltre nella direzione di due diligences di compravendita di imprese, fusioni\/acquisizioni. <strong>Membro dell\u2019Assemblea di Direzione dell\u2019Asociazione Basca di Lavoratori Autonomi.<\/strong><\/p>\n<p>&nbsp;<\/p>\n<p style=\"text-align: justify;\"><strong>Dirige il Dipartimento di Diritto Commerciale, Diritto del Lavoro e Diritto Fallimentare dello Studio<\/strong>. La sua traiettoria professionale e la sua vocazione per il Diritto del Lavoro costituiscono un pilastro della consulenza legale che Estudio Jur\u00eddico MENDEZ-VILAPLANA presta ai suoi clienti internazionali.<\/p>\n<p>[\/vc_column_text][vc_separator type=&#8221;transparent&#8221; up=&#8221;93&#8243; down=&#8221;0&#8243;][\/vc_column_inner][\/vc_row_inner][\/vc_column][\/vc_row][vc_row css_animation=&#8221;&#8221; row_type=&#8221;row&#8221; use_row_as_full_screen_section=&#8221;no&#8221; type=&#8221;grid&#8221; angled_section=&#8221;no&#8221; text_align=&#8221;center&#8221; background_image_as_pattern=&#8221;without_pattern&#8221; padding_top=&#8221;102&#8243; el_class=&#8221;icon_border&#8221; padding_bottom=&#8221;0&#8243; z_index=&#8221;&#8221; background_image=&#8221;17315&#8243;][vc_column][vc_row_inner row_type=&#8221;row&#8221; type=&#8221;full_width&#8221; text_align=&#8221;left&#8221; css_animation=&#8221;&#8221;][vc_column_inner][vc_empty_space height=&#8221;400px&#8221;][\/vc_column_inner][\/vc_row_inner][\/vc_column][\/vc_row]<\/p>\n<\/div>","protected":false},"excerpt":{"rendered":"<p>[vc_row css_animation=&#8221;&#8221; row_type=&#8221;row&#8221; use_row_as_full_screen_section=&#8221;no&#8221; type=&#8221;full_width&#8221; angled_section=&#8221;no&#8221; text_align=&#8221;left&#8221; background_image_as_pattern=&#8221;without_pattern&#8221; z_index=&#8221;&#8221;][vc_column][\/vc_column][\/vc_row][vc_row css_animation=&#8221;&#8221; row_type=&#8221;row&#8221; use_row_as_full_screen_section=&#8221;no&#8221; type=&#8221;grid&#8221; angled_section=&#8221;no&#8221; text_align=&#8221;center&#8221; background_image_as_pattern=&#8221;without_pattern&#8221; padding_top=&#8221;87&#8243; padding_bottom=&#8221;0&#8243; z_index=&#8221;&#8221; css=&#8221;.vc_custom_1589021385229{margin-right: 40px !important;margin-left: 40px !important;}&#8221;][vc_column][vc_row_inner row_type=&#8221;row&#8221; use_as_box=&#8221;use_row_as_box&#8221; type=&#8221;grid&#8221; text_align=&#8221;center&#8221; css_animation=&#8221;&#8221;][vc_column_inner width=&#8221;1\/2&#8243;][vc_single_image image=&#8221;16280&#8243; img_size=&#8221;full&#8221; alignment=&#8221;center&#8221; qode_css_animation=&#8221;&#8221;][vc_separator type=&#8221;transparent&#8221; up=&#8221;48&#8243; down=&#8221;0&#8243;][vc_column_text] AITANA M\u00c9NDEZ VILAPLANA [\/vc_column_text][vc_separator type=&#8221;transparent&#8221; up=&#8221;11&#8243; down=&#8221;0&#8243;][vc_empty_space][vc_column_text css=&#8221;.vc_custom_1589463340154{margin-right:&#8230;<\/p>\n","protected":false},"author":1,"featured_media":0,"parent":0,"menu_order":0,"comment_status":"closed","ping_status":"closed","template":"full_width.php","meta":{"footnotes":""},"class_list":["post-17107","page","type-page","status-publish","hentry"],"yoast_head":"<!-- This site is optimized with the Yoast SEO plugin v26.5 - https:\/\/yoast.com\/wordpress\/plugins\/seo\/ -->\n<title>SOCI | Mendez-Vilaplana<\/title>\n<meta name=\"robots\" content=\"index, follow, max-snippet:-1, max-image-preview:large, max-video-preview:-1\" \/>\n<link rel=\"canonical\" href=\"https:\/\/mendez-vilaplana.com\/it\/socios\/\" \/>\n<meta property=\"og:locale\" content=\"it_IT\" \/>\n<meta property=\"og:type\" content=\"article\" \/>\n<meta property=\"og:title\" content=\"SOCI | Mendez-Vilaplana\" \/>\n<meta property=\"og:description\" content=\"[vc_row css_animation=&#8221;&#8221; row_type=&#8221;row&#8221; use_row_as_full_screen_section=&#8221;no&#8221; type=&#8221;full_width&#8221; angled_section=&#8221;no&#8221; text_align=&#8221;left&#8221; background_image_as_pattern=&#8221;without_pattern&#8221; z_index=&#8221;&#8221;][vc_column][\/vc_column][\/vc_row][vc_row css_animation=&#8221;&#8221; row_type=&#8221;row&#8221; use_row_as_full_screen_section=&#8221;no&#8221; type=&#8221;grid&#8221; angled_section=&#8221;no&#8221; text_align=&#8221;center&#8221; background_image_as_pattern=&#8221;without_pattern&#8221; padding_top=&#8221;87&#8243; padding_bottom=&#8221;0&#8243; z_index=&#8221;&#8221; css=&#8221;.vc_custom_1589021385229{margin-right: 40px !important;margin-left: 40px !important;}&#8221;][vc_column][vc_row_inner row_type=&#8221;row&#8221; use_as_box=&#8221;use_row_as_box&#8221; type=&#8221;grid&#8221; text_align=&#8221;center&#8221; css_animation=&#8221;&#8221;][vc_column_inner width=&#8221;1\/2&#8243;][vc_single_image image=&#8221;16280&#8243; img_size=&#8221;full&#8221; alignment=&#8221;center&#8221; qode_css_animation=&#8221;&#8221;][vc_separator type=&#8221;transparent&#8221; up=&#8221;48&#8243; down=&#8221;0&#8243;][vc_column_text] AITANA M\u00c9NDEZ VILAPLANA [\/vc_column_text][vc_separator type=&#8221;transparent&#8221; up=&#8221;11&#8243; down=&#8221;0&#8243;][vc_empty_space][vc_column_text css=&#8221;.vc_custom_1589463340154{margin-right:...\" \/>\n<meta property=\"og:url\" content=\"https:\/\/mendez-vilaplana.com\/it\/socios\/\" \/>\n<meta property=\"og:site_name\" content=\"Mendez-Vilaplana\" \/>\n<meta property=\"article:modified_time\" content=\"2020-06-02T09:40:25+00:00\" \/>\n<meta name=\"twitter:card\" content=\"summary_large_image\" \/>\n<meta name=\"twitter:label1\" content=\"Tempo di lettura stimato\" \/>\n\t<meta name=\"twitter:data1\" content=\"5 minuti\" \/>\n<script type=\"application\/ld+json\" class=\"yoast-schema-graph\">{\"@context\":\"https:\/\/schema.org\",\"@graph\":[{\"@type\":\"WebPage\",\"@id\":\"https:\/\/mendez-vilaplana.com\/it\/socios\/\",\"url\":\"https:\/\/mendez-vilaplana.com\/it\/socios\/\",\"name\":\"SOCI | Mendez-Vilaplana\",\"isPartOf\":{\"@id\":\"https:\/\/mendez-vilaplana.com\/#website\"},\"datePublished\":\"2020-04-26T15:12:46+00:00\",\"dateModified\":\"2020-06-02T09:40:25+00:00\",\"breadcrumb\":{\"@id\":\"https:\/\/mendez-vilaplana.com\/it\/socios\/#breadcrumb\"},\"inLanguage\":\"it-IT\",\"potentialAction\":[{\"@type\":\"ReadAction\",\"target\":[\"https:\/\/mendez-vilaplana.com\/it\/socios\/\"]}]},{\"@type\":\"BreadcrumbList\",\"@id\":\"https:\/\/mendez-vilaplana.com\/it\/socios\/#breadcrumb\",\"itemListElement\":[{\"@type\":\"ListItem\",\"position\":1,\"name\":\"Portada\",\"item\":\"https:\/\/mendez-vilaplana.com\/it\/\"},{\"@type\":\"ListItem\",\"position\":2,\"name\":\"SOCI\"}]},{\"@type\":\"WebSite\",\"@id\":\"https:\/\/mendez-vilaplana.com\/#website\",\"url\":\"https:\/\/mendez-vilaplana.com\/\",\"name\":\"Mendez-Vilaplana, Estudio Jur\u00eddico\",\"description\":\"Estudio Jur\u00eddico\",\"publisher\":{\"@id\":\"https:\/\/mendez-vilaplana.com\/#organization\"},\"potentialAction\":[{\"@type\":\"SearchAction\",\"target\":{\"@type\":\"EntryPoint\",\"urlTemplate\":\"https:\/\/mendez-vilaplana.com\/?s={search_term_string}\"},\"query-input\":{\"@type\":\"PropertyValueSpecification\",\"valueRequired\":true,\"valueName\":\"search_term_string\"}}],\"inLanguage\":\"it-IT\"},{\"@type\":\"Organization\",\"@id\":\"https:\/\/mendez-vilaplana.com\/#organization\",\"name\":\"Mendez - Vilaplana\",\"url\":\"https:\/\/mendez-vilaplana.com\/\",\"logo\":{\"@type\":\"ImageObject\",\"inLanguage\":\"it-IT\",\"@id\":\"https:\/\/mendez-vilaplana.com\/#\/schema\/logo\/image\/\",\"url\":\"https:\/\/mendez-vilaplana.com\/wp-content\/uploads\/2020\/05\/hhj.jpg\",\"contentUrl\":\"https:\/\/mendez-vilaplana.com\/wp-content\/uploads\/2020\/05\/hhj.jpg\",\"width\":794,\"height\":202,\"caption\":\"Mendez - Vilaplana\"},\"image\":{\"@id\":\"https:\/\/mendez-vilaplana.com\/#\/schema\/logo\/image\/\"}}]}<\/script>\n<!-- \/ Yoast SEO plugin. -->","yoast_head_json":{"title":"SOCI | Mendez-Vilaplana","robots":{"index":"index","follow":"follow","max-snippet":"max-snippet:-1","max-image-preview":"max-image-preview:large","max-video-preview":"max-video-preview:-1"},"canonical":"https:\/\/mendez-vilaplana.com\/it\/socios\/","og_locale":"it_IT","og_type":"article","og_title":"SOCI | Mendez-Vilaplana","og_description":"[vc_row css_animation=&#8221;&#8221; row_type=&#8221;row&#8221; use_row_as_full_screen_section=&#8221;no&#8221; type=&#8221;full_width&#8221; angled_section=&#8221;no&#8221; text_align=&#8221;left&#8221; background_image_as_pattern=&#8221;without_pattern&#8221; z_index=&#8221;&#8221;][vc_column][\/vc_column][\/vc_row][vc_row css_animation=&#8221;&#8221; row_type=&#8221;row&#8221; use_row_as_full_screen_section=&#8221;no&#8221; type=&#8221;grid&#8221; angled_section=&#8221;no&#8221; text_align=&#8221;center&#8221; background_image_as_pattern=&#8221;without_pattern&#8221; padding_top=&#8221;87&#8243; padding_bottom=&#8221;0&#8243; z_index=&#8221;&#8221; css=&#8221;.vc_custom_1589021385229{margin-right: 40px !important;margin-left: 40px !important;}&#8221;][vc_column][vc_row_inner row_type=&#8221;row&#8221; use_as_box=&#8221;use_row_as_box&#8221; type=&#8221;grid&#8221; text_align=&#8221;center&#8221; css_animation=&#8221;&#8221;][vc_column_inner width=&#8221;1\/2&#8243;][vc_single_image image=&#8221;16280&#8243; img_size=&#8221;full&#8221; alignment=&#8221;center&#8221; qode_css_animation=&#8221;&#8221;][vc_separator type=&#8221;transparent&#8221; up=&#8221;48&#8243; down=&#8221;0&#8243;][vc_column_text] AITANA M\u00c9NDEZ VILAPLANA [\/vc_column_text][vc_separator type=&#8221;transparent&#8221; up=&#8221;11&#8243; down=&#8221;0&#8243;][vc_empty_space][vc_column_text css=&#8221;.vc_custom_1589463340154{margin-right:...","og_url":"https:\/\/mendez-vilaplana.com\/it\/socios\/","og_site_name":"Mendez-Vilaplana","article_modified_time":"2020-06-02T09:40:25+00:00","twitter_card":"summary_large_image","twitter_misc":{"Tempo di lettura stimato":"5 minuti"},"schema":{"@context":"https:\/\/schema.org","@graph":[{"@type":"WebPage","@id":"https:\/\/mendez-vilaplana.com\/it\/socios\/","url":"https:\/\/mendez-vilaplana.com\/it\/socios\/","name":"SOCI | Mendez-Vilaplana","isPartOf":{"@id":"https:\/\/mendez-vilaplana.com\/#website"},"datePublished":"2020-04-26T15:12:46+00:00","dateModified":"2020-06-02T09:40:25+00:00","breadcrumb":{"@id":"https:\/\/mendez-vilaplana.com\/it\/socios\/#breadcrumb"},"inLanguage":"it-IT","potentialAction":[{"@type":"ReadAction","target":["https:\/\/mendez-vilaplana.com\/it\/socios\/"]}]},{"@type":"BreadcrumbList","@id":"https:\/\/mendez-vilaplana.com\/it\/socios\/#breadcrumb","itemListElement":[{"@type":"ListItem","position":1,"name":"Portada","item":"https:\/\/mendez-vilaplana.com\/it\/"},{"@type":"ListItem","position":2,"name":"SOCI"}]},{"@type":"WebSite","@id":"https:\/\/mendez-vilaplana.com\/#website","url":"https:\/\/mendez-vilaplana.com\/","name":"Mendez-Vilaplana, Estudio Jur\u00eddico","description":"Estudio Jur\u00eddico","publisher":{"@id":"https:\/\/mendez-vilaplana.com\/#organization"},"potentialAction":[{"@type":"SearchAction","target":{"@type":"EntryPoint","urlTemplate":"https:\/\/mendez-vilaplana.com\/?s={search_term_string}"},"query-input":{"@type":"PropertyValueSpecification","valueRequired":true,"valueName":"search_term_string"}}],"inLanguage":"it-IT"},{"@type":"Organization","@id":"https:\/\/mendez-vilaplana.com\/#organization","name":"Mendez - Vilaplana","url":"https:\/\/mendez-vilaplana.com\/","logo":{"@type":"ImageObject","inLanguage":"it-IT","@id":"https:\/\/mendez-vilaplana.com\/#\/schema\/logo\/image\/","url":"https:\/\/mendez-vilaplana.com\/wp-content\/uploads\/2020\/05\/hhj.jpg","contentUrl":"https:\/\/mendez-vilaplana.com\/wp-content\/uploads\/2020\/05\/hhj.jpg","width":794,"height":202,"caption":"Mendez - Vilaplana"},"image":{"@id":"https:\/\/mendez-vilaplana.com\/#\/schema\/logo\/image\/"}}]}},"_links":{"self":[{"href":"https:\/\/mendez-vilaplana.com\/it\/wp-json\/wp\/v2\/pages\/17107","targetHints":{"allow":["GET"]}}],"collection":[{"href":"https:\/\/mendez-vilaplana.com\/it\/wp-json\/wp\/v2\/pages"}],"about":[{"href":"https:\/\/mendez-vilaplana.com\/it\/wp-json\/wp\/v2\/types\/page"}],"author":[{"embeddable":true,"href":"https:\/\/mendez-vilaplana.com\/it\/wp-json\/wp\/v2\/users\/1"}],"replies":[{"embeddable":true,"href":"https:\/\/mendez-vilaplana.com\/it\/wp-json\/wp\/v2\/comments?post=17107"}],"version-history":[{"count":5,"href":"https:\/\/mendez-vilaplana.com\/it\/wp-json\/wp\/v2\/pages\/17107\/revisions"}],"predecessor-version":[{"id":17343,"href":"https:\/\/mendez-vilaplana.com\/it\/wp-json\/wp\/v2\/pages\/17107\/revisions\/17343"}],"wp:attachment":[{"href":"https:\/\/mendez-vilaplana.com\/it\/wp-json\/wp\/v2\/media?parent=17107"}],"curies":[{"name":"wp","href":"https:\/\/api.w.org\/{rel}","templated":true}]}}